{"id":3851,"date":"2023-01-23T13:41:58","date_gmt":"2023-01-23T12:41:58","guid":{"rendered":"https:\/\/projekt-argus.de\/?page_id=3851"},"modified":"2023-02-06T12:06:30","modified_gmt":"2023-02-06T11:06:30","slug":"impressum","status":"publish","type":"page","link":"https:\/\/projekt-argus.de\/en\/impressum\/","title":{"rendered":"Imprint"},"content":{"rendered":"<div data-elementor-type=\"wp-page\" data-elementor-id=\"3851\" class=\"elementor elementor-3851\" data-elementor-settings=\"{&quot;ha_cmc_init_switcher&quot;:&quot;no&quot;}\">\n\t\t\t\t\t\t<section class=\"elementor-section elementor-top-section elementor-element elementor-element-705225e elementor-section-full_width elementor-section-height-default elementor-section-height-default\" data-id=\"705225e\" data-element_type=\"section\" data-e-type=\"section\" data-settings=\"{&quot;background_background&quot;:&quot;classic&quot;,&quot;_ha_eqh_enable&quot;:false}\">\n\t\t\t\t\t\t\t<div class=\"elementor-background-overlay\"><\/div>\n\t\t\t\t\t\t\t<div class=\"elementor-container elementor-column-gap-default\">\n\t\t\t\t\t<div class=\"elementor-column elementor-col-100 elementor-top-column elementor-element elementor-element-3769466\" data-id=\"3769466\" data-element_type=\"column\" data-e-type=\"column\">\n\t\t\t<div class=\"elementor-widget-wrap elementor-element-populated\">\n\t\t\t\t\t\t<div class=\"elementor-element elementor-element-d557652 elementor-widget elementor-widget-menu-anchor\" data-id=\"d557652\" data-element_type=\"widget\" data-e-type=\"widget\" data-widget_type=\"menu-anchor.default\">\n\t\t\t\t<div class=\"elementor-widget-container\">\n\t\t\t\t\t\t\t<div class=\"elementor-menu-anchor\" id=\"Home\"><\/div>\n\t\t\t\t\t\t<\/div>\n\t\t\t\t<\/div>\n\t\t\t\t\t<\/div>\n\t\t<\/div>\n\t\t\t\t\t<\/div>\n\t\t<\/section>\n\t\t<div class=\"elementor-element elementor-element-f7d3959 e-flex e-con-boxed e-con e-parent\" data-id=\"f7d3959\" data-element_type=\"container\" data-e-type=\"container\" data-settings=\"{&quot;background_background&quot;:&quot;classic&quot;,&quot;_ha_eqh_enable&quot;:false}\">\n\t\t\t\t\t<div class=\"e-con-inner\">\n\t\t<div class=\"elementor-element elementor-element-5929b96 e-flex e-con-boxed e-con e-child\" data-id=\"5929b96\" data-element_type=\"container\" data-e-type=\"container\" data-settings=\"{&quot;_ha_eqh_enable&quot;:false}\">\n\t\t\t\t\t<div class=\"e-con-inner\">\n\t\t\t\t<div class=\"elementor-element elementor-element-20b4f1c elementor-widget elementor-widget-heading\" data-id=\"20b4f1c\" data-element_type=\"widget\" data-e-type=\"widget\" data-widget_type=\"heading.default\">\n\t\t\t\t<div class=\"elementor-widget-container\">\n\t\t\t\t\t<h1 class=\"elementor-heading-title elementor-size-default\">Imprint<\/h1>\t\t\t\t<\/div>\n\t\t\t\t<\/div>\n\t\t\t\t\t<\/div>\n\t\t\t\t<\/div>\n\t\t<div class=\"elementor-element elementor-element-d01cea6 e-flex e-con-boxed e-con e-child\" data-id=\"d01cea6\" data-element_type=\"container\" data-e-type=\"container\" data-settings=\"{&quot;_ha_eqh_enable&quot;:false}\">\n\t\t\t\t\t<div class=\"e-con-inner\">\n\t\t\t\t<div class=\"elementor-element elementor-element-e50d879 elementor-widget elementor-widget-text-editor\" data-id=\"e50d879\" data-element_type=\"widget\" data-e-type=\"widget\" data-widget_type=\"text-editor.default\">\n\t\t\t\t<div class=\"elementor-widget-container\">\n\t\t\t\t\t\t\t\t\t<div class=\"fusion-column-wrapper fusion-flex-justify-content-flex-start fusion-content-layout-column\"><div class=\"fusion-text fusion-text-1\"><p>Publisher: SonicView<br \/>Headquarter: Wunstorfer Stra\u00dfe 21 | 30453 Hannover<br \/>Url: www.sonicview.de<br \/>E-Mail: <a href=\"mailto:info@sonicview.de\">info@sonicview.de<\/a><br \/>Managing Director: Meike Seidel<br \/>Ust-ID: DE 815 854 328<\/p><p>Responsible for content shown on this website:<\/p><p>Meike Seidel<\/p><p>The EU Commission offers the possibility of online dispute resolution on an online platform operated by it. This platform can be reached via the external link http:\/\/ec.europa.eu\/consumers\/odr\/. We are not obligated to participate in an arbitration procedure and unfortunately cannot offer participation in such a procedure.<\/p><\/div><\/div>\t\t\t\t\t\t\t\t<\/div>\n\t\t\t\t<\/div>\n\t\t\t\t\t<\/div>\n\t\t\t\t<\/div>\n\t\t\t\t\t<\/div>\n\t\t\t\t<\/div>\n\t\t<div class=\"elementor-element elementor-element-fd7f566 e-flex e-con-boxed e-con e-parent\" data-id=\"fd7f566\" data-element_type=\"container\" data-e-type=\"container\" data-settings=\"{&quot;background_background&quot;:&quot;classic&quot;,&quot;_ha_eqh_enable&quot;:false}\">\n\t\t\t\t\t<div class=\"e-con-inner\">\n\t\t<div class=\"elementor-element elementor-element-7c5645c e-flex e-con-boxed e-con e-child\" data-id=\"7c5645c\" data-element_type=\"container\" data-e-type=\"container\" data-settings=\"{&quot;_ha_eqh_enable&quot;:false}\">\n\t\t\t\t\t<div class=\"e-con-inner\">\n\t\t\t\t<div class=\"elementor-element elementor-element-fc6eac1 elementor-widget-divider--view-line elementor-widget elementor-widget-divider\" data-id=\"fc6eac1\" data-element_type=\"widget\" data-e-type=\"widget\" data-widget_type=\"divider.default\">\n\t\t\t\t<div class=\"elementor-widget-container\">\n\t\t\t\t\t\t\t<div class=\"elementor-divider\">\n\t\t\t<span class=\"elementor-divider-separator\">\n\t\t\t\t\t\t<\/span>\n\t\t<\/div>\n\t\t\t\t\t\t<\/div>\n\t\t\t\t<\/div>\n\t\t\t\t\t<\/div>\n\t\t\t\t<\/div>\n\t\t\t\t\t<\/div>\n\t\t\t\t<\/div>\n\t\t\t\t<\/div>","protected":false},"excerpt":{"rendered":"<p>Impressum Herausgeber: SonicViewHauptsitz: Wunstorfer Stra\u00dfe 21 | 30453 HannoverUrl: www.sonicview.deE-Mail: info@sonicview.deGesch\u00e4ftsf\u00fchrung: Meike Seidel (Founder)Ust-ID: DE 815 854 328 Verantwortlich f\u00fcr die auf dieser Webseite gezeigten Inhalte: Meike Seidel Die EU-Kommission bietet die M\u00f6glichkeit zur Online-Streitbeilegung auf einer von ihr betriebenen Online-Plattform. Diese Plattform ist \u00fcber den externen Link http:\/\/ec.europa.eu\/consumers\/odr\/ zu erreichen. Zu einer Teilnahme an [&hellip;]<\/p>\n","protected":false},"author":2,"featured_media":0,"parent":0,"menu_order":0,"comment_status":"closed","ping_status":"closed","template":"","meta":{"_uag_custom_page_level_css":"","site-sidebar-layout":"no-sidebar","site-content-layout":"page-builder","ast-site-content-layout":"","site-content-style":"default","site-sidebar-style":"default","ast-global-header-display":"","ast-banner-title-visibility":"","ast-main-header-display":"","ast-hfb-above-header-display":"","ast-hfb-below-header-display":"","ast-hfb-mobile-header-display":"","site-post-title":"disabled","ast-breadcrumbs-content":"","ast-featured-img":"disabled","footer-sml-layout":"","theme-transparent-header-meta":"","adv-header-id-meta":"","stick-header-meta":"","header-above-stick-meta":"","header-main-stick-meta":"","header-below-stick-meta":"","astra-migrate-meta-layouts":"default","ast-page-background-enabled":"default","ast-page-background-meta":{"desktop":{"background-color":"","background-image":"","background-repeat":"repeat","background-position":"center center","background-size":"auto","background-attachment":"scroll","background-type":"","background-media":"","overlay-type":"","overlay-color":"","overlay-opacity":"","overlay-gradient":""},"tablet":{"background-color":"","background-image":"","background-repeat":"repeat","background-position":"center center","background-size":"auto","background-attachment":"scroll","background-type":"","background-media":"","overlay-type":"","overlay-color":"","overlay-opacity":"","overlay-gradient":""},"mobile":{"background-color":"","background-image":"","background-repeat":"repeat","background-position":"center center","background-size":"auto","background-attachment":"scroll","background-type":"","background-media":"","overlay-type":"","overlay-color":"","overlay-opacity":"","overlay-gradient":""}},"ast-content-background-meta":{"desktop":{"background-color":"var(--ast-global-color-5)","background-image":"","background-repeat":"repeat","background-position":"center center","background-size":"auto","background-attachment":"scroll","background-type":"","background-media":"","overlay-type":"","overlay-color":"","overlay-opacity":"","overlay-gradient":""},"tablet":{"background-color":"var(--ast-global-color-5)","background-image":"","background-repeat":"repeat","background-position":"center center","background-size":"auto","background-attachment":"scroll","background-type":"","background-media":"","overlay-type":"","overlay-color":"","overlay-opacity":"","overlay-gradient":""},"mobile":{"background-color":"var(--ast-global-color-5)","background-image":"","background-repeat":"repeat","background-position":"center center","background-size":"auto","background-attachment":"scroll","background-type":"","background-media":"","overlay-type":"","overlay-color":"","overlay-opacity":"","overlay-gradient":""}},"footnotes":""},"class_list":["post-3851","page","type-page","status-publish","hentry"],"yoast_head":"<!-- This site is optimized with the Yoast SEO plugin v23.1 - https:\/\/yoast.com\/wordpress\/plugins\/seo\/ -->\n<title>Impressum - Forschungsprojekt ARGUS<\/title>\n<meta name=\"robots\" content=\"index, follow, max-snippet:-1, max-image-preview:large, max-video-preview:-1\" \/>\n<link rel=\"canonical\" href=\"https:\/\/projekt-argus.de\/en\/impressum\/\" \/>\n<meta property=\"og:locale\" content=\"en_US\" \/>\n<meta property=\"og:type\" content=\"article\" \/>\n<meta property=\"og:title\" content=\"Impressum - Forschungsprojekt ARGUS\" \/>\n<meta property=\"og:description\" content=\"Impressum Herausgeber: SonicViewHauptsitz: Wunstorfer Stra\u00dfe 21 | 30453 HannoverUrl: www.sonicview.deE-Mail: info@sonicview.deGesch\u00e4ftsf\u00fchrung: Meike Seidel (Founder)Ust-ID: DE 815 854 328 Verantwortlich f\u00fcr die auf dieser Webseite gezeigten Inhalte: Meike Seidel Die EU-Kommission bietet die M\u00f6glichkeit zur Online-Streitbeilegung auf einer von ihr betriebenen Online-Plattform. Diese Plattform ist \u00fcber den externen Link http:\/\/ec.europa.eu\/consumers\/odr\/ zu erreichen. Zu einer Teilnahme an [&hellip;]\" \/>\n<meta property=\"og:url\" content=\"https:\/\/projekt-argus.de\/en\/impressum\/\" \/>\n<meta property=\"og:site_name\" content=\"Forschungsprojekt ARGUS\" \/>\n<meta property=\"article:modified_time\" content=\"2023-02-06T11:06:30+00:00\" \/>\n<meta name=\"twitter:card\" content=\"summary_large_image\" \/>\n<script type=\"application\/ld+json\" class=\"yoast-schema-graph\">{\"@context\":\"https:\/\/schema.org\",\"@graph\":[{\"@type\":\"WebPage\",\"@id\":\"https:\/\/projekt-argus.de\/impressum\/\",\"url\":\"https:\/\/projekt-argus.de\/impressum\/\",\"name\":\"Impressum - Forschungsprojekt ARGUS\",\"isPartOf\":{\"@id\":\"https:\/\/projekt-argus.de\/#website\"},\"datePublished\":\"2023-01-23T12:41:58+00:00\",\"dateModified\":\"2023-02-06T11:06:30+00:00\",\"breadcrumb\":{\"@id\":\"https:\/\/projekt-argus.de\/impressum\/#breadcrumb\"},\"inLanguage\":\"en-US\",\"potentialAction\":[{\"@type\":\"ReadAction\",\"target\":[\"https:\/\/projekt-argus.de\/impressum\/\"]}]},{\"@type\":\"BreadcrumbList\",\"@id\":\"https:\/\/projekt-argus.de\/impressum\/#breadcrumb\",\"itemListElement\":[{\"@type\":\"ListItem\",\"position\":1,\"name\":\"Home\",\"item\":\"https:\/\/projekt-argus.de\/\"},{\"@type\":\"ListItem\",\"position\":2,\"name\":\"Impressum\"}]},{\"@type\":\"WebSite\",\"@id\":\"https:\/\/projekt-argus.de\/#website\",\"url\":\"https:\/\/projekt-argus.de\/\",\"name\":\"Forschungsprojekt ARGUS\",\"description\":\"\",\"publisher\":{\"@id\":\"https:\/\/projekt-argus.de\/#organization\"},\"potentialAction\":[{\"@type\":\"SearchAction\",\"target\":{\"@type\":\"EntryPoint\",\"urlTemplate\":\"https:\/\/projekt-argus.de\/?s={search_term_string}\"},\"query-input\":\"required name=search_term_string\"}],\"inLanguage\":\"en-US\"},{\"@type\":\"Organization\",\"@id\":\"https:\/\/projekt-argus.de\/#organization\",\"name\":\"Forschungsprojekt ARGUS\",\"url\":\"https:\/\/projekt-argus.de\/\",\"logo\":{\"@type\":\"ImageObject\",\"inLanguage\":\"en-US\",\"@id\":\"https:\/\/projekt-argus.de\/#\/schema\/logo\/image\/\",\"url\":\"https:\/\/projekt-argus.de\/wp-content\/uploads\/2022\/11\/cropped-cropped-ARGUS_website-icon-1.png\",\"contentUrl\":\"https:\/\/projekt-argus.de\/wp-content\/uploads\/2022\/11\/cropped-cropped-ARGUS_website-icon-1.png\",\"width\":512,\"height\":512,\"caption\":\"Forschungsprojekt ARGUS\"},\"image\":{\"@id\":\"https:\/\/projekt-argus.de\/#\/schema\/logo\/image\/\"}}]}<\/script>\n<!-- \/ Yoast SEO plugin. -->","yoast_head_json":{"title":"Impressum - Forschungsprojekt ARGUS","robots":{"index":"index","follow":"follow","max-snippet":"max-snippet:-1","max-image-preview":"max-image-preview:large","max-video-preview":"max-video-preview:-1"},"canonical":"https:\/\/projekt-argus.de\/en\/impressum\/","og_locale":"en_US","og_type":"article","og_title":"Impressum - Forschungsprojekt ARGUS","og_description":"Impressum Herausgeber: SonicViewHauptsitz: Wunstorfer Stra\u00dfe 21 | 30453 HannoverUrl: www.sonicview.deE-Mail: info@sonicview.deGesch\u00e4ftsf\u00fchrung: Meike Seidel (Founder)Ust-ID: DE 815 854 328 Verantwortlich f\u00fcr die auf dieser Webseite gezeigten Inhalte: Meike Seidel Die EU-Kommission bietet die M\u00f6glichkeit zur Online-Streitbeilegung auf einer von ihr betriebenen Online-Plattform. Diese Plattform ist \u00fcber den externen Link http:\/\/ec.europa.eu\/consumers\/odr\/ zu erreichen. Zu einer Teilnahme an [&hellip;]","og_url":"https:\/\/projekt-argus.de\/en\/impressum\/","og_site_name":"Forschungsprojekt ARGUS","article_modified_time":"2023-02-06T11:06:30+00:00","twitter_card":"summary_large_image","schema":{"@context":"https:\/\/schema.org","@graph":[{"@type":"WebPage","@id":"https:\/\/projekt-argus.de\/impressum\/","url":"https:\/\/projekt-argus.de\/impressum\/","name":"Impressum - Forschungsprojekt ARGUS","isPartOf":{"@id":"https:\/\/projekt-argus.de\/#website"},"datePublished":"2023-01-23T12:41:58+00:00","dateModified":"2023-02-06T11:06:30+00:00","breadcrumb":{"@id":"https:\/\/projekt-argus.de\/impressum\/#breadcrumb"},"inLanguage":"en-US","potentialAction":[{"@type":"ReadAction","target":["https:\/\/projekt-argus.de\/impressum\/"]}]},{"@type":"BreadcrumbList","@id":"https:\/\/projekt-argus.de\/impressum\/#breadcrumb","itemListElement":[{"@type":"ListItem","position":1,"name":"Home","item":"https:\/\/projekt-argus.de\/"},{"@type":"ListItem","position":2,"name":"Impressum"}]},{"@type":"WebSite","@id":"https:\/\/projekt-argus.de\/#website","url":"https:\/\/projekt-argus.de\/","name":"Forschungsprojekt ARGUS","description":"","publisher":{"@id":"https:\/\/projekt-argus.de\/#organization"},"potentialAction":[{"@type":"SearchAction","target":{"@type":"EntryPoint","urlTemplate":"https:\/\/projekt-argus.de\/?s={search_term_string}"},"query-input":"required name=search_term_string"}],"inLanguage":"en-US"},{"@type":"Organization","@id":"https:\/\/projekt-argus.de\/#organization","name":"Forschungsprojekt ARGUS","url":"https:\/\/projekt-argus.de\/","logo":{"@type":"ImageObject","inLanguage":"en-US","@id":"https:\/\/projekt-argus.de\/#\/schema\/logo\/image\/","url":"https:\/\/projekt-argus.de\/wp-content\/uploads\/2022\/11\/cropped-cropped-ARGUS_website-icon-1.png","contentUrl":"https:\/\/projekt-argus.de\/wp-content\/uploads\/2022\/11\/cropped-cropped-ARGUS_website-icon-1.png","width":512,"height":512,"caption":"Forschungsprojekt ARGUS"},"image":{"@id":"https:\/\/projekt-argus.de\/#\/schema\/logo\/image\/"}}]}},"uagb_featured_image_src":{"full":false,"thumbnail":false,"medium":false,"medium_large":false,"large":false,"1536x1536":false,"2048x2048":false,"trp-custom-language-flag":false},"uagb_author_info":{"display_name":"Constantin Werner","author_link":"https:\/\/projekt-argus.de\/en\/author\/constantin\/"},"uagb_comment_info":0,"uagb_excerpt":"Impressum Herausgeber: SonicViewHauptsitz: Wunstorfer Stra\u00dfe 21 | 30453 HannoverUrl: www.sonicview.deE-Mail: info@sonicview.deGesch\u00e4ftsf\u00fchrung: Meike Seidel (Founder)Ust-ID: DE 815 854 328 Verantwortlich f\u00fcr die auf dieser Webseite gezeigten Inhalte: Meike Seidel Die EU-Kommission bietet die M\u00f6glichkeit zur Online-Streitbeilegung auf einer von ihr betriebenen Online-Plattform. Diese Plattform ist \u00fcber den externen Link http:\/\/ec.europa.eu\/consumers\/odr\/ zu erreichen. Zu einer Teilnahme an&hellip;","_links":{"self":[{"href":"https:\/\/projekt-argus.de\/en\/wp-json\/wp\/v2\/pages\/3851","targetHints":{"allow":["GET"]}}],"collection":[{"href":"https:\/\/projekt-argus.de\/en\/wp-json\/wp\/v2\/pages"}],"about":[{"href":"https:\/\/projekt-argus.de\/en\/wp-json\/wp\/v2\/types\/page"}],"author":[{"embeddable":true,"href":"https:\/\/projekt-argus.de\/en\/wp-json\/wp\/v2\/users\/2"}],"replies":[{"embeddable":true,"href":"https:\/\/projekt-argus.de\/en\/wp-json\/wp\/v2\/comments?post=3851"}],"version-history":[{"count":38,"href":"https:\/\/projekt-argus.de\/en\/wp-json\/wp\/v2\/pages\/3851\/revisions"}],"predecessor-version":[{"id":6679,"href":"https:\/\/projekt-argus.de\/en\/wp-json\/wp\/v2\/pages\/3851\/revisions\/6679"}],"wp:attachment":[{"href":"https:\/\/projekt-argus.de\/en\/wp-json\/wp\/v2\/media?parent=3851"}],"curies":[{"name":"wp","href":"https:\/\/api.w.org\/{rel}","templated":true}]}}